{"id":5775,"date":"2025-05-29T11:11:44","date_gmt":"2025-05-29T09:11:44","guid":{"rendered":"https:\/\/amalialopezacera.com\/webinars\/"},"modified":"2025-07-10T11:54:50","modified_gmt":"2025-07-10T09:54:50","slug":"webinars","status":"publish","type":"page","link":"https:\/\/amalialopezacera.com\/en\/webinars\/","title":{"rendered":"Webinars &#8220;Communicating the Future from Public Administration&#8221;"},"content":{"rendered":"\t\t<div data-elementor-type=\"wp-page\" data-elementor-id=\"5775\" class=\"elementor elementor-5775 elementor-5162\" data-elementor-post-type=\"page\">\n\t\t\t\t<div class=\"elementor-element elementor-element-cb39c80 e-con-full e-flex e-con e-parent\" data-id=\"cb39c80\" data-element_type=\"container\" data-e-type=\"container\" id=\"titulo-principal\" data-settings=\"{&quot;background_background&quot;:&quot;classic&quot;}\">\n\t\t<div class=\"elementor-element elementor-element-f9d0b0e e-con-full col1 e-flex e-con e-child\" data-id=\"f9d0b0e\" data-element_type=\"container\" data-e-type=\"container\" data-settings=\"{&quot;background_background&quot;:&quot;classic&quot;}\">\n\t\t<div class=\"elementor-element elementor-element-9ff07bd e-con-full texto-titulo e-flex e-con e-child\" data-id=\"9ff07bd\" data-element_type=\"container\" data-e-type=\"container\">\n\t\t\t\t<div class=\"elementor-element elementor-element-f0f0a38 elementor-widget elementor-widget-heading\" data-id=\"f0f0a38\" data-element_type=\"widget\" data-e-type=\"widget\" data-widget_type=\"heading.default\">\n\t\t\t\t\t<h1 class=\"elementor-heading-title elementor-size-default\">\nWebinars \"Communicating the Future from Public Administration\"<\/h1>\t\t\t\t<\/div>\n\t\t\t\t<div class=\"elementor-element elementor-element-8d5053c normal elementor-widget elementor-widget-text-editor\" data-id=\"8d5053c\" data-element_type=\"widget\" data-e-type=\"widget\" data-widget_type=\"text-editor.default\">\n\t\t\t\t\t\t\t\t\t<p>Through webinars on my YouTube channel, I analyze the main challenges and opportunities facing public administration in the digital age. These virtual meetings are a platform for the exchange of ideas and solutions, where experts and public employees can learn and discuss issues and challenges facing public administrations<\/p>\t\t\t\t\t\t\t\t<\/div>\n\t\t\t\t<\/div>\n\t\t\t\t<\/div>\n\t\t<div class=\"elementor-element elementor-element-89d2723 e-con-full col2 e-flex e-con e-child\" data-id=\"89d2723\" data-element_type=\"container\" data-e-type=\"container\">\n\t\t\t\t<div class=\"elementor-element elementor-element-312138d elementor-widget elementor-widget-image\" data-id=\"312138d\" data-element_type=\"widget\" data-e-type=\"widget\" data-widget_type=\"image.default\">\n\t\t\t\t\t\t\t\t\t\t\t\t\t\t\t<img fetchpriority=\"high\" decoding=\"async\" width=\"960\" height=\"460\" src=\"https:\/\/amalialopezacera.com\/wp-content\/uploads\/2025\/05\/Amalia-Lopez-Acera-Cabecera-Titulo.jpg\" class=\"attachment-large size-large wp-image-5742\" alt=\"Amalia Lopez Acera - Cabecera Titulo\" srcset=\"https:\/\/amalialopezacera.com\/wp-content\/uploads\/2025\/05\/Amalia-Lopez-Acera-Cabecera-Titulo.jpg 960w, https:\/\/amalialopezacera.com\/wp-content\/uploads\/2025\/05\/Amalia-Lopez-Acera-Cabecera-Titulo-300x144.jpg 300w, https:\/\/amalialopezacera.com\/wp-content\/uploads\/2025\/05\/Amalia-Lopez-Acera-Cabecera-Titulo-768x368.jpg 768w, https:\/\/amalialopezacera.com\/wp-content\/uploads\/2025\/05\/Amalia-Lopez-Acera-Cabecera-Titulo-413x198.jpg 413w\" sizes=\"(max-width: 960px) 100vw, 960px\" \/>\t\t\t\t\t\t\t\t\t\t\t\t\t\t\t<\/div>\n\t\t\t\t<\/div>\n\t\t\t\t<\/div>\n\t\t<div class=\"elementor-element elementor-element-b88b7b2 espsup espinf e-flex e-con-boxed e-con e-parent\" data-id=\"b88b7b2\" data-element_type=\"container\" data-e-type=\"container\" id=\"videos\">\n\t\t\t\t\t<div class=\"e-con-inner\">\n\t\t\t\t<div class=\"elementor-element elementor-element-80dd56d normal elementor-widget elementor-widget-text-editor\" data-id=\"80dd56d\" data-element_type=\"widget\" data-e-type=\"widget\" data-widget_type=\"text-editor.default\">\n\t\t\t\t\t\t\t\t\t<p>Through webinars on my YouTube channel, I analyze the main challenges and opportunities facing public administration in the digital age. These virtual meetings are a platform for the exchange of ideas and solutions, where experts and public employees can learn and discuss issues and challenges facing public administrations.<\/p>\t\t\t\t\t\t\t\t<\/div>\n\t\t\t\t<div class=\"elementor-element elementor-element-6dd2d47 elementor-widget elementor-widget-shortcode\" data-id=\"6dd2d47\" data-element_type=\"widget\" data-e-type=\"widget\" data-widget_type=\"shortcode.default\">\n\t\t\t\t\t\t\t<div class=\"elementor-shortcode\"><div class=\"automatic-youtube-gallery ayg\">\n        <ayg-theme-popup id=\"ayg-41128c72ba6cbed4e20188c0d1dac09b\" class=\"ayg-theme ayg-theme-popup\" data-params=\"{&quot;uid&quot;:&quot;41128c72ba6cbed4e20188c0d1dac09b&quot;,&quot;autoplay&quot;:1,&quot;loop&quot;:0,&quot;muted&quot;:0,&quot;controls&quot;:1,&quot;modestbranding&quot;:1,&quot;cc_load_policy&quot;:0,&quot;iv_load_policy&quot;:0,&quot;hl&quot;:&quot;&quot;,&quot;cc_lang_pref&quot;:&quot;&quot;,&quot;autoadvance&quot;:1,&quot;player_ratio&quot;:56.25,&quot;player_title&quot;:1,&quot;player_description&quot;:1}\">\n        <div class=\"ayg-videos ayg-gallery ayg-row\">\n                            <div class=\"ayg-video ayg-video-X51s1aKBRls ayg-col ayg-col-3 ayg-col-xs-2\">\n                    <div class=\"ayg-thumbnail\" data-id=\"X51s1aKBRls\" data-title=\"Webinar \u00bfEs un buen momento para opositar? Consejo \u00fatiles para opositores\" data-url=\"\">\n    <div class=\"ayg-thumbnail-media\" style=\"--ayg-image-ratio: 16 \/ 9\">\n        <img src=\"https:\/\/i.ytimg.com\/vi\/X51s1aKBRls\/maxresdefault.jpg\" class=\"ayg-thumbnail-image\" width=\"1280\" height=\"720\" alt=\"Webinar \u00bfEs un buen momento para opositar? Consejo \u00fatiles para opositores\" decoding=\"async\"\/><div class=\"ayg-thumbnail-now-playing\" style=\"display: none;\">Now Playing<\/div><svg xmlns=\"http:\/\/www.w3.org\/2000\/svg\" fill=\"white\" width=\"40\" height=\"40\" viewBox=\"0 0 24 24\" class=\"ayg-icon ayg-thumbnail-icon-play\" title=\"Play\" aria-label=\"Play\"><path fill-rule=\"evenodd\" d=\"M2.25 12c0-5.385 4.365-9.75 9.75-9.75s9.75 4.365 9.75 9.75-4.365 9.75-9.75 9.75S2.25 17.385 2.25 12Zm14.024-.983a1.125 1.125 0 0 1 0 1.966l-5.603 3.113A1.125 1.125 0 0 1 9 15.113V8.887c0-.857.921-1.4 1.671-.983l5.603 3.113Z\" clip-rule=\"evenodd\" \/><\/svg>        \n    <\/div>\n    <div class=\"ayg-thumbnail-caption\">\n         \n            <div class=\"ayg-thumbnail-title\">Webinar \u00bfEs un buen momento para opositar? Consejo \u00fatiles para opositores<\/div>\n         \n                  \n            <div class=\"ayg-thumbnail-description\" style=\"display: none;\"><span class=\"ayg-player-description-less\">Webinar: \u00bfEs un buen momento para opositar?<br \/>\nEstuvimos hablando con Borja Col\u00f3n que es directivo p\u00fablico profesional y lleva 20 a\u00f1os preparando a opositores.<br \/>\nEntre otras cuestiones que abordamos en el webinar <span class=\"ayg-player-description-dots\">...<\/span><\/span><span class=\"ayg-player-description-more\">est\u00e1n:<br \/>\n- Si es o no un buen momento para preparar oposiciones.<br \/>\n- Qu\u00e9 tenemos que tener en cuenta a la hora de elegir entre unas oposiciones u otras.<br \/>\n- Si es mejor prepararse unas oposiciones con academia, preparador o por tu cuenta.<br \/>\n- C\u00f3mo nos pueden ayudar las herramientas digitales en la preparaci\u00f3n de oposiciones.<br \/>\n- Qu\u00e9 errores suelen cometer los opositores y c\u00f3mo evitarlos.<br \/>\n- La importancia del descanso y la desconexi\u00f3n digital en el estudio.<br \/>\n- C\u00f3mo poder recuperar la motivaci\u00f3n si nos desanimamos.<br \/>\n<br \/>\nNewsletter #Paramisopositores: <a href=\"https:\/\/paramisopositores.substack.com\/\" rel=\"nofollow noopener\" target=\"_blank\">https:\/\/paramisopositores.substack.com\/<\/a><\/span><a href=\"#\" class=\"ayg-player-description-toggle-btn\">Mostrar m\u00e1s<\/a><\/div>\n            <\/div>           \n<\/div>                <\/div>\n                            <div class=\"ayg-video ayg-video-EuNc4rYYjmk ayg-col ayg-col-3 ayg-col-xs-2\">\n                    <div class=\"ayg-thumbnail\" data-id=\"EuNc4rYYjmk\" data-title=\"Webinar  El impacto de la Inteligencia Artificial en la Administracio\u0301n Pu\u0301blica\" data-url=\"\">\n    <div class=\"ayg-thumbnail-media\" style=\"--ayg-image-ratio: 16 \/ 9\">\n        <img src=\"https:\/\/i.ytimg.com\/vi\/EuNc4rYYjmk\/maxresdefault.jpg\" class=\"ayg-thumbnail-image\" width=\"1280\" height=\"720\" alt=\"Webinar  El impacto de la Inteligencia Artificial en la Administracio\u0301n Pu\u0301blica\" decoding=\"async\"\/><div class=\"ayg-thumbnail-now-playing\" style=\"display: none;\">Now Playing<\/div><svg xmlns=\"http:\/\/www.w3.org\/2000\/svg\" fill=\"white\" width=\"40\" height=\"40\" viewBox=\"0 0 24 24\" class=\"ayg-icon ayg-thumbnail-icon-play\" title=\"Play\" aria-label=\"Play\"><path fill-rule=\"evenodd\" d=\"M2.25 12c0-5.385 4.365-9.75 9.75-9.75s9.75 4.365 9.75 9.75-4.365 9.75-9.75 9.75S2.25 17.385 2.25 12Zm14.024-.983a1.125 1.125 0 0 1 0 1.966l-5.603 3.113A1.125 1.125 0 0 1 9 15.113V8.887c0-.857.921-1.4 1.671-.983l5.603 3.113Z\" clip-rule=\"evenodd\" \/><\/svg>        \n    <\/div>\n    <div class=\"ayg-thumbnail-caption\">\n         \n            <div class=\"ayg-thumbnail-title\">Webinar  El impacto de la Inteligencia Artificial en la Administracio\u0301n Pu\u0301blica<\/div>\n         \n                  \n            <div class=\"ayg-thumbnail-description\" style=\"display: none;\"><span class=\"ayg-player-description-less\">Webinar sobre los desaf\u00edos de la inteligencia artificial en la administraci\u00f3n p\u00fablica con V\u00edctor Almonacid, experto en transformaci\u00f3n digital en el sector p\u00fablico.<br \/>\nEn este webinar vimos c\u00f3mo va a impactar <span class=\"ayg-player-description-dots\">...<\/span><\/span><span class=\"ayg-player-description-more\">esta tecnolog\u00eda, en un sector como el p\u00fablico, que no destaca por su r\u00e1pida adaptaci\u00f3n a las nuevas tendencias.<br \/>\nTambi\u00e9n analizamos el nuevo reglamento europeo que regula la inteligencia artificial.<br \/>\nAs\u00ed mismo V\u00edctor nos mostr\u00f3 como la inteligencia artificial puede mejorar los servicios p\u00fablicos y los procedimientos administrativos y el impacto que tambi\u00e9n tendr\u00e1 a nivel interno a la hora de implantarla.<\/span><a href=\"#\" class=\"ayg-player-description-toggle-btn\">Mostrar m\u00e1s<\/a><\/div>\n            <\/div>           \n<\/div>                <\/div>\n                    <\/div>\n            <\/ayg-theme-popup>\n<\/div><\/div>\n\t\t\t\t\t\t<\/div>\n\t\t\t\t\t<\/div>\n\t\t\t\t<\/div>\n\t\t<div class=\"elementor-element elementor-element-c9f9908 espsup espinf e-flex e-con-boxed e-con e-parent\" data-id=\"c9f9908\" data-element_type=\"container\" data-e-type=\"container\" id=\"cta\" data-settings=\"{&quot;background_background&quot;:&quot;classic&quot;}\">\n\t\t\t\t\t<div class=\"e-con-inner\">\n\t\t\t\t<div class=\"elementor-element elementor-element-ebb752a elementor-widget elementor-widget-heading\" data-id=\"ebb752a\" data-element_type=\"widget\" data-e-type=\"widget\" data-widget_type=\"heading.default\">\n\t\t\t\t\t<h2 class=\"elementor-heading-title elementor-size-default\">Visit my YouTube channel<\/h2>\t\t\t\t<\/div>\n\t\t\t\t<div class=\"elementor-element elementor-element-06fdb98 elementor-widget elementor-widget-text-editor\" data-id=\"06fdb98\" data-element_type=\"widget\" data-e-type=\"widget\" data-widget_type=\"text-editor.default\">\n\t\t\t\t\t\t\t\t\t<p>You can check out all available webinars and subscribe so you don&#8217;t miss out on upcoming sessions<\/p>\t\t\t\t\t\t\t\t<\/div>\n\t\t\t\t<div class=\"elementor-element elementor-element-4df2c67 elementor-align-center elementor-widget elementor-widget-button\" data-id=\"4df2c67\" data-element_type=\"widget\" data-e-type=\"widget\" data-widget_type=\"button.default\">\n\t\t\t\t\t\t\t\t\t\t<a class=\"elementor-button elementor-button-link elementor-size-sm\" href=\"https:\/\/www.youtube.com\/c\/AmaliaL%C3%B3pezAcera\/featured\" target=\"_blank\" rel=\"noopener\">\n\t\t\t\t\t\t<span class=\"elementor-button-content-wrapper\">\n\t\t\t\t\t\t<span class=\"elementor-button-icon\">\n\t\t\t\t<svg xmlns=\"http:\/\/www.w3.org\/2000\/svg\" fill=\"none\" height=\"16\" viewBox=\"0 0 17 16\" width=\"17\"><path d=\"m5.16663 11.3337 6.66667-6.66671m0 0h-6.66667m6.66667 0v6.66671\" stroke=\"#f5f5f5\" stroke-linecap=\"round\" stroke-linejoin=\"round\" stroke-width=\"1.6\"><\/path><\/svg>\t\t\t<\/span>\n\t\t\t\t\t\t\t\t\t<span class=\"elementor-button-text\"> ACCESS THE CHANNEL<\/span>\n\t\t\t\t\t<\/span>\n\t\t\t\t\t<\/a>\n\t\t\t\t\t\t\t\t<\/div>\n\t\t\t\t\t<\/div>\n\t\t\t\t<\/div>\n\t\t\t\t<\/div>\n\t\t","protected":false},"excerpt":{"rendered":"<p>Webinars &#8220;Communicating the Future from Public Administration&#8221; Through webinars on my YouTube channel, I analyze the main challenges and opportunities [&hellip;]<\/p>\n","protected":false},"author":2,"featured_media":6859,"parent":0,"menu_order":0,"comment_status":"closed","ping_status":"closed","template":"elementor_header_footer","meta":{"site-sidebar-layout":"no-sidebar","site-content-layout":"","ast-site-content-layout":"full-width-container","site-content-style":"default","site-sidebar-style":"default","ast-global-header-display":"","ast-banner-title-visibility":"","ast-main-header-display":"","ast-hfb-above-header-display":"","ast-hfb-below-header-display":"","ast-hfb-mobile-header-display":"","site-post-title":"disabled","ast-breadcrumbs-content":"","ast-featured-img":"disabled","footer-sml-layout":"","ast-disable-related-posts":"","theme-transparent-header-meta":"default","adv-header-id-meta":"","stick-header-meta":"default","header-above-stick-meta":"","header-main-stick-meta":"","header-below-stick-meta":"","astra-migrate-meta-layouts":"set","ast-page-background-enabled":"default","ast-page-background-meta":{"desktop":{"background-color":"var(--ast-global-color-5)","background-image":"","background-repeat":"repeat","background-position":"center center","background-size":"auto","background-attachment":"scroll","background-type":"","background-media":"","overlay-type":"","overlay-color":"","overlay-opacity":"","overlay-gradient":""},"tablet":{"background-color":"","background-image":"","background-repeat":"repeat","background-position":"center center","background-size":"auto","background-attachment":"scroll","background-type":"","background-media":"","overlay-type":"","overlay-color":"","overlay-opacity":"","overlay-gradient":""},"mobile":{"background-color":"","background-image":"","background-repeat":"repeat","background-position":"center center","background-size":"auto","background-attachment":"scroll","background-type":"","background-media":"","overlay-type":"","overlay-color":"","overlay-opacity":"","overlay-gradient":""}},"ast-content-background-meta":{"desktop":{"background-color":"var(--ast-global-color-4)","background-image":"","background-repeat":"repeat","background-position":"center center","background-size":"auto","background-attachment":"scroll","background-type":"","background-media":"","overlay-type":"","overlay-color":"","overlay-opacity":"","overlay-gradient":""},"tablet":{"background-color":"var(--ast-global-color-4)","background-image":"","background-repeat":"repeat","background-position":"center center","background-size":"auto","background-attachment":"scroll","background-type":"","background-media":"","overlay-type":"","overlay-color":"","overlay-opacity":"","overlay-gradient":""},"mobile":{"background-color":"var(--ast-global-color-4)","background-image":"","background-repeat":"repeat","background-position":"center center","background-size":"auto","background-attachment":"scroll","background-type":"","background-media":"","overlay-type":"","overlay-color":"","overlay-opacity":"","overlay-gradient":""}},"footnotes":""},"class_list":["post-5775","page","type-page","status-publish","has-post-thumbnail","hentry"],"_links":{"self":[{"href":"https:\/\/amalialopezacera.com\/en\/wp-json\/wp\/v2\/pages\/5775","targetHints":{"allow":["GET"]}}],"collection":[{"href":"https:\/\/amalialopezacera.com\/en\/wp-json\/wp\/v2\/pages"}],"about":[{"href":"https:\/\/amalialopezacera.com\/en\/wp-json\/wp\/v2\/types\/page"}],"author":[{"embeddable":true,"href":"https:\/\/amalialopezacera.com\/en\/wp-json\/wp\/v2\/users\/2"}],"replies":[{"embeddable":true,"href":"https:\/\/amalialopezacera.com\/en\/wp-json\/wp\/v2\/comments?post=5775"}],"version-history":[{"count":0,"href":"https:\/\/amalialopezacera.com\/en\/wp-json\/wp\/v2\/pages\/5775\/revisions"}],"wp:featuredmedia":[{"embeddable":true,"href":"https:\/\/amalialopezacera.com\/en\/wp-json\/wp\/v2\/media\/6859"}],"wp:attachment":[{"href":"https:\/\/amalialopezacera.com\/en\/wp-json\/wp\/v2\/media?parent=5775"}],"curies":[{"name":"wp","href":"https:\/\/api.w.org\/{rel}","templated":true}]}}